{"id":1050,"date":"2013-08-03T14:37:06","date_gmt":"2013-08-03T12:37:06","guid":{"rendered":"https:\/\/kukat.biz\/tr\/?page_id=1050"},"modified":"2024-01-03T13:37:39","modified_gmt":"2024-01-03T12:37:39","slug":"onemli-web-sayfalari","status":"publish","type":"page","link":"https:\/\/kukat.biz\/tr\/onemli-web-sayfalari","title":{"rendered":"\u00d6nemli Web Sayfalar\u0131"},"content":{"rendered":"<p style=\"text-align: center;\"><a title=\"Safir Bilgisayar Web Sitesi\" href=\"https:\/\/safirbilgisayar.com\/\" target=\"_blank\" rel=\"noopener\"><img data-recalc-dims=\"1\" decoding=\"async\" class=\"aligncenter\" src=\"https:\/\/i0.wp.com\/kukat.biz\/MehterTakimi\/sablon\/logo_Safir_Bilgisayar_De_k.png?w=800&#038;ssl=1\" alt=\"Safir Bilgisayar Web Sayfas\u0131\" \/><\/a><\/p>\n<div class=\"one-fourth\"><a title=\"Kukat \u00c7al\u0131\u015fma Grubu Web Sitesi\" href=\"https:\/\/kukat.biz\/\" target=\"_blank\" rel=\"noopener\"><img data-recalc-dims=\"1\" decoding=\"async\" class=\"alignnone\" src=\"https:\/\/i0.wp.com\/kukat.biz\/MehterTakimi\/sablon\/logo_Kukat.png?w=800&#038;ssl=1\" alt=\"Kukat \u00c7al\u0131\u015fma Grubu Web Sayfas\u0131\" \/><\/a><\/div>\n<div class=\"one-fourth\"><a title=\"Kukat Mehter Tak\u0131m\u0131 Web Sitesi\" href=\"https:\/\/kukat.biz\/MehterTakimi\/\" target=\"_blank\" rel=\"noopener\"><img data-recalc-dims=\"1\" decoding=\"async\" src=\"https:\/\/i0.wp.com\/kukat.biz\/MehterTakimi\/sablon\/logo_MehterTakimi.png?w=800&#038;ssl=1\" alt=\"Kukat Mehter Tak\u0131m\u0131 Web Sayfas\u0131\" \/><\/a><\/div>\n<div class=\"one-fourth\"><a title=\"T\u00fcrk SV Wangen Web Sitesi\" href=\"https:\/\/kukat.biz\/TurkSVWangen\/\" target=\"_blank\" rel=\"noopener\"><img data-recalc-dims=\"1\" decoding=\"async\" src=\"https:\/\/i0.wp.com\/kukat.biz\/MehterTakimi\/sablon\/logo_TurkSVWangen.png?w=800&#038;ssl=1\" alt=\"T\u00fcrk SV Wangen Web Sayfas\u0131\" \/><\/a><\/div>\n<div class=\"one-fourth last\"><a title=\"Nord Zypern SV Web Sitesi\" href=\"https:\/\/kukatspor.com\/\" target=\"_blank\" rel=\"noopener\"><img data-recalc-dims=\"1\" decoding=\"async\" src=\"https:\/\/i0.wp.com\/kukat.biz\/MehterTakimi\/sablon\/logo_NordZypernSV_k.png?w=800&#038;ssl=1\" alt=\"Nord Zypern SV Web Sayfas\u0131\" \/><\/a><\/div>\n<hr \/>\n<p>&nbsp;<\/p>\n<hr \/>\n<div class=\"one-fourth\"><a title=\"Kukat Tavla Ligi Web Sitesi\" href=\"https:\/\/tavlaLigi.org\/\" target=\"_blank\" rel=\"noopener\"><img data-recalc-dims=\"1\" decoding=\"async\" src=\"https:\/\/i0.wp.com\/kukat.biz\/MehterTakimi\/sablon\/logo_TavlaLigi.png?w=800&#038;ssl=1\" alt=\"Kukat Tavla Ligi Web Sayfas\u0131\" \/><\/a><\/div>\n<div class=\"one-fourth\"><a title=\"Kukat FM Web Sitesi\" href=\"https:\/\/kukat.biz\/tr\/index.php\/kukat-fm\/\" target=\"_blank\" rel=\"noopener\"><img data-recalc-dims=\"1\" decoding=\"async\" src=\"https:\/\/i0.wp.com\/kukat.biz\/MehterTakimi\/sablon\/logo_KukatFM.png?w=800&#038;ssl=1\" alt=\"Kukat FM Web Sayfas\u0131\" \/><\/a><\/div>\n<div class=\"one-fourth\"><a title=\"Kukat \u015eof\u00f6rler Birli\u011fi Web Sitesi\" href=\"https:\/\/kukat.biz\/tr\/index.php\/soforler-birligi\/\" target=\"_blank\" rel=\"noopener\"><img data-recalc-dims=\"1\" decoding=\"async\" src=\"https:\/\/i0.wp.com\/kukat.biz\/MehterTakimi\/sablon\/logo_soferlerBirligi.png?w=800&#038;ssl=1\" alt=\"Kukat \u015eof\u00f6rler Birli\u011fi Web Sayfas\u0131\" \/><\/a><\/div>\n<div class=\"one-fourth last\"><a title=\"Wangen T\u00fcrk Okul Aile Birli\u011fi Web Sitesi\" href=\"https:\/\/kukat.biz\/TOAB-Wangen\/\" target=\"_blank\" rel=\"noopener\"><img data-recalc-dims=\"1\" decoding=\"async\" src=\"https:\/\/i0.wp.com\/kukat.biz\/MehterTakimi\/sablon\/logo_WangenTOAB.png?w=800&#038;ssl=1\" alt=\"Wangen T\u00fcrk Okul Aile Birli\u011fi Web Sayfas\u0131\" \/><\/a><\/div>\n<p>&nbsp;<\/p>\n<h4 class=\"line-divider\"><strong>KIBRIS T\u00dcRK DEVLET\u0130<\/strong> \u00d6nemli Web Sayfalar\u0131<\/h4>\n<p>&nbsp;<\/p>\n<div class=\"one-half\">KKTC e-Devlet Portal\u0131<br \/>\n<a title=\"KKTC e-Devlet Portal\u0131\" href=\"https:\/\/www.edevlet.eu\/\" target=\"_blank\" rel=\"noopener\">https:\/\/www.edevlet.eu\/<\/a><br \/>\nKKTC CUMHURBA\u015eKANLI\u011eI<br \/>\n<a title=\"KKTC CUMHURBA\u015eKANLI\u011eI\" href=\"https:\/\/www.kktcb.org\/\" target=\"_blank\" rel=\"noopener\">https:\/\/www.kktcb.org\/<\/a><br \/>\nKKTC CUMHUR\u0130YET MECL\u0130S\u0130<br \/>\n<a title=\"KKTC CUMHUR\u0130YET MECL\u0130S\u0130\" href=\"https:\/\/www.cm.gov.nc.tr\/\" target=\"_blank\" rel=\"noopener\">https:\/\/www.cm.gov.nc.tr\/<\/a><strong>KKTC \u00dcN\u0130VERS\u0130TELER\u0130<\/strong>DO\u011eU AKDEN\u0130Z \u00dcN\u0130VERS\u0130TES\u0130<br \/>\n<a title=\"DO\u011eU AKDEN\u0130Z \u00dcN\u0130VERS\u0130TES\u0130\" href=\"https:\/\/www.emu.edu.tr\/\" target=\"_blank\" rel=\"noopener\">https:\/\/www.emu.edu.tr\/<\/a>YAKIN DO\u011eU \u00dcN\u0130VERS\u0130TES\u0130<br \/>\n<a title=\"YAKIN DO\u011eU \u00dcN\u0130VERS\u0130TES\u0130\" href=\"https:\/\/www.neu.edu.tr\/\" target=\"_blank\" rel=\"noopener\">https:\/\/www.neu.edu.tr\/<\/a>LEFKE AVRUPA \u00dcN\u0130VERS\u0130TES\u0130<br \/>\n<a title=\"LEFKE AVRUPA \u00dcN\u0130VERS\u0130TES\u0130\" href=\"https:\/\/www.lefke.edu.tr\/\" target=\"_blank\" rel=\"noopener\">https:\/\/www.lefke.edu.tr\/<\/a>G\u0130RNE AMER\u0130KAN \u00dcN\u0130VERS\u0130TES\u0130<br \/>\n<a title=\"LEFKE AVRUPA \u00dcN\u0130VERS\u0130TES\u0130\" href=\"https:\/\/www.gau.edu.tr\/\" target=\"_blank\" rel=\"noopener\">https:\/\/www.gau.edu.tr\/<\/a>ULUSLARARASI KIBRIS \u00dcN\u0130VERS\u0130TES\u0130<br \/>\n<a title=\"ULUSLARARASI KIBRIS \u00dcN\u0130VERS\u0130TES\u0130\" href=\"https:\/\/www.ciu.edu.tr\/\" target=\"_blank\" rel=\"noopener\">https:\/\/www.ciu.edu.tr\/<\/a>&nbsp;<\/p>\n<p><strong>ULUSLARARASI KURUMLAR<\/strong><\/p>\n<p>AVRUPA PARLAMENTOSU<br \/>\n<a title=\"AVRUPA PARLAMENTOSU\" href=\"https:\/\/www.europarl.eu.int\/\" target=\"_blank\" rel=\"noopener\">https:\/\/www.europarl.eu.int\/<\/a><\/p>\n<p>AVRUPA \u0130NSAN HAKLARI MAHKEMES\u0130<br \/>\n<a title=\"AVRUPA \u0130NSAN HAKLARI MAHKEMES\u0130\" href=\"https:\/\/www.echr.coe.int\/\" target=\"_blank\" rel=\"noopener\">https:\/\/www.echr.coe.int\/<\/a><\/p>\n<p>AVRUPA B\u0130RL\u0130\u011e\u0130 \u00c7ALI\u015eMALAR MERKEZ\u0130 (EUSA)<br \/>\n<a title=\"AVRUPA B\u0130RL\u0130\u011e\u0130 \u00c7ALI\u015eMALAR MERKEZ\u0130 (EUSA)\" href=\"https:\/\/www.eustudies.org\/\" target=\"_blank\" rel=\"noopener\">https:\/\/www.eustudies.org\/<\/a><\/p>\n<p>B\u0130RLE\u015eM\u0130\u015e M\u0130LLETLER<br \/>\n<a title=\"B\u0130RLE\u015eM\u0130\u015e M\u0130LLETLER\" href=\"https:\/\/www.un.org\/\" target=\"_blank\" rel=\"noopener\">https:\/\/www.un.org\/<\/a><\/p>\n<p>UNDP-ACT KIBRIS<br \/>\n<a title=\"UNDP-ACT KIBRIS\" href=\"https:\/\/www.undp-act.org\/MAIN\/\" target=\"_blank\" rel=\"noopener\">https:\/\/www.undp-act.org\/MAIN\/<\/a><\/p>\n<p>&nbsp;<\/p>\n<p><strong>BELED\u0130YELER<\/strong><\/p>\n<p>LEFKO\u015eA T\u00dcRK BELED\u0130YES\u0130<br \/>\n<a title=\"LEFKO\u015eA T\u00dcRK BELED\u0130YES\u0130\" href=\"https:\/\/www.lefkosabelediyesi.org\/\" target=\"_blank\" rel=\"noopener\">https:\/\/www.lefkosabelediyesi.org\/<\/a><\/p>\n<p>G\u0130RNE BELED\u0130YES\u0130<br \/>\n<a title=\"G\u0130RNE BELED\u0130YES\u0130\" href=\"https:\/\/www.girnebelediyesi.com\/\" target=\"_blank\" rel=\"noopener\">https:\/\/www.girnebelediyesi.com\/<\/a><\/p>\n<p>GAZ\u0130MA\u011eUSA BELED\u0130YES\u0130<br \/>\n<a title=\"GAZ\u0130MA\u011eUSA BELED\u0130YES\u0130\" href=\"https:\/\/www.magusa.org\/\" target=\"_blank\" rel=\"noopener\">https:\/\/www.magusa.org\/<\/a><\/p>\n<p>G\u00dcZELYURT BELED\u0130YES\u0130<br \/>\n<a title=\"G\u00dcZELYURT BELED\u0130YES\u0130\" href=\"https:\/\/www.guzelyurtbelediyesi.com\/\" target=\"_blank\" rel=\"noopener\">https:\/\/www.guzelyurtbelediyesi.com\/<\/a><\/p>\n<\/div>\n<div class=\"one-half last\"><strong>KKTC BAKANLIKLARI, BA\u011eLI DA\u0130RELER, KURUMLAR VE KURULU\u015eLAR<\/strong><br \/>\nBA\u015eBAKANLIK<br \/>\n<a title=\"BA\u015eBAKANLIK\" href=\"https:\/\/www.kktcbasbakanlik.org\/\" target=\"_blank\" rel=\"noopener\">https:\/\/www.kktcbasbakanlik.org\/<\/a>DI\u015e\u0130\u015eLER\u0130 BAKANLI\u011eI<br \/>\n<a title=\"DI\u015e\u0130\u015eLER\u0130 BAKANLI\u011eI\" href=\"https:\/\/www.trncinfo.org\/\" target=\"_blank\" rel=\"noopener\">https:\/\/www.trncinfo.org\/<\/a>MAL\u0130YE BAKANLI\u011eI<br \/>\n<a title=\"MAL\u0130YE BAKANLI\u011eI\" href=\"https:\/\/www.kktcmaliye.com\/\" target=\"_blank\" rel=\"noopener\">https:\/\/www.kktcmaliye.com\/<\/a>M\u0130LL\u0130 E\u011e\u0130T\u0130M GEN\u00c7L\u0130K VE SPOR BAKANLI\u011eI<br \/>\n<a title=\"M\u0130LL\u0130 E\u011e\u0130T\u0130M GEN\u00c7L\u0130K VE SPOR BAKANLI\u011eI\" href=\"https:\/\/www.mebnet.net\/\" target=\"_blank\" rel=\"noopener\">https:\/\/www.mebnet.net\/<\/a>SA\u011eLIK BAKANLI\u011eI<br \/>\n<a title=\"SA\u011eLIK BAKANLI\u011eI\" href=\"https:\/\/www.saglikbakanligi.com\/\" target=\"_blank\" rel=\"noopener\">www.saglikbakanligi.com\/<\/a>TARIM VE DO\u011eAL KAYNAKLAR BAKANLI\u011eI<br \/>\n<a title=\"TARIM VE DO\u011eAL KAYNAKLAR BAKANLI\u011eI\" href=\"https:\/\/www.kktob.org\/\" target=\"_blank\" rel=\"noopener\">https:\/\/www.kktob.org\/<\/a>BAYINDIRLIK VE ULA\u015eTIRMA BAKANLI\u011eI<br \/>\n<a title=\"BAYINDIRLIK VE ULA\u015eTIRMA BAKANLI\u011eI\" href=\"https:\/\/www.kktculastirma.org\/\" target=\"_blank\" rel=\"noopener\">https:\/\/www.kktculastirma.org\/<\/a>TUR\u0130ZM \u00c7EVRE VE K\u00dcLT\u00dcR BAKANLI\u011eI<br \/>\n<a title=\"TUR\u0130ZM \u00c7EVRE VE K\u00dcLT\u00dcR BAKANLI\u011eI\" href=\"https:\/\/www.turizmcevrekultur.org\/\" target=\"_blank\" rel=\"noopener\">https:\/\/www.turizmcevrekultur.org\/<\/a>\u00c7ALI\u015eMA VE SOSYAL G\u00dcVENL\u0130K BAKANLI\u011eI<br \/>\n<a title=\"\u00c7ALI\u015eMA VE SOSYAL G\u00dcVENL\u0130K BAKANLI\u011eI\" href=\"https:\/\/www.csgb.eu\/\" target=\"_blank\" rel=\"noopener\">https:\/\/www.csgb.eu\/<\/a>EKONOM\u0130 VE ENERJ\u0130 BAKANLI\u011eI<br \/>\n<a title=\"EKONOM\u0130 VE ENERJ\u0130 BAKANLI\u011eI\" href=\"https:\/\/www.kktceeb.com\/\" target=\"_blank\" rel=\"noopener\">https:\/\/www.kktceeb.com\/<\/a>KKTC MAHKEMELER\u0130<br \/>\n<a title=\"KKTC MAHKEMELER\u0130\" href=\"https:\/\/www.mahkemeler.net\/\" target=\"_blank\" rel=\"noopener\">https:\/\/www.mahkemeler.net\/<\/a>KKTC G\u00fcvenlik Kuvvetleri Komutanl\u0131\u011f\u0131<br \/>\n<a title=\"KKTC G\u00fcvenlik Kuvvetleri Komutanl\u0131\u011f\u0131\" href=\"https:\/\/www.mucahit.net\/\" target=\"_blank\" rel=\"noopener\">https:\/\/www.mucahit.net\/<\/a>KKTC DEVLET PLANLAMA DA\u0130RES\u0130<br \/>\n<a title=\"KKTC DEVLET PLANLAMA DA\u0130RES\u0130\" href=\"https:\/\/www.devplan.org\/\" target=\"_blank\" rel=\"noopener\">https:\/\/www.devplan.org\/<\/a>KKTC BA\u015eBAKANLIK PERSONEL DA\u0130RES\u0130 M\u00dcD\u00dcRL\u00dc\u011e\u00dc<br \/>\n<a title=\"KKTC BA\u015eBAKANLIK PERSONEL DA\u0130RES\u0130 M\u00dcD\u00dcRL\u00dc\u011e\u00dc\" href=\"https:\/\/www.personel.org\/\" target=\"_blank\" rel=\"noopener\">https:\/\/www.personel.org\/<\/a>M\u0130LL\u0130 AR\u015e\u0130V VE ARA\u015eTIRMA DA\u0130RES\u0130<br \/>\n<a title=\"M\u0130LL\u0130 AR\u015e\u0130V VE ARA\u015eTIRMA DA\u0130RES\u0130\" href=\"https:\/\/www.arsiv.kamunet.net\/\" target=\"_blank\" rel=\"noopener\">https:\/\/www.arsiv.kamunet.net\/<\/a>SOSYAL S\u0130GORTALAR DA\u0130RES\u0130<br \/>\n<a title=\"SOSYAL S\u0130GORTALAR DA\u0130RES\u0130\" href=\"https:\/\/www.kktcssd.org\/\" target=\"_blank\" rel=\"noopener\">https:\/\/www.kktcssd.org\/<\/a><\/p>\n<p>KKTC YAYIN Y\u00dcKSEK KURULU<br \/>\n<a title=\"KKTC YAYIN Y\u00dcKSEK KURULU\" href=\"https:\/\/www.kktcyyk.org\/\" target=\"_blank\" rel=\"noopener\">https:\/\/www.kktcyyk.org\/<\/a><\/p>\n<p>KKTC KAMUNET<br \/>\n<a title=\"KKTC KAMUNET\" href=\"https:\/\/www.kamunet.net\/\" target=\"_blank\" rel=\"noopener\">https:\/\/www.kamunet.net\/<\/a><\/p>\n<p>KIBRIS T\u00dcRK E\u011e\u0130T\u0130M VAKFI<br \/>\n<a title=\"KIBRIS T\u00dcRK E\u011e\u0130T\u0130M VAKFI\" href=\"https:\/\/www.ktev.org\/\" target=\"_blank\" rel=\"noopener\">https:\/\/www.ktev.org\/<\/a><\/p>\n<p>KKTC BA\u015eBAKANLIK DEVLET PLANLAMA TE\u015eK\u0130LATI<br \/>\n<a title=\"KKTC BA\u015eBAKANLIK DEVLET PLANLAMA TE\u015eK\u0130LATI\" href=\"https:\/\/www.devplan.org\/\" target=\"_blank\" rel=\"noopener\">https:\/\/www.devplan.org\/<\/a><\/p>\n<p>M\u0130LL\u0130 K\u00dcT\u00dcPHANE<br \/>\n<a title=\"M\u0130LL\u0130 K\u00dcT\u00dcPHANE\" href=\"https:\/\/www.mkutup.mebnet.net\/\" target=\"_blank\" rel=\"noopener\">https:\/\/www.mkutup.mebnet.net\/<\/a><\/p>\n<p>KKTC MERKEZ BANKASI<br \/>\n<a title=\"KKTC MERKEZ BANKASI\" href=\"https:\/\/www.kktcmb.trnc.net\/\" target=\"_blank\" rel=\"noopener\">https:\/\/www.kktcmb.trnc.net\/<\/a><\/p>\n<p>KKTC BANKALAR B\u0130RL\u0130\u011e\u0130<br \/>\n<a title=\"KKTC BANKALAR B\u0130RL\u0130\u011e\u0130\" href=\"https:\/\/www.kkbb.org\/\" target=\"_blank\" rel=\"noopener\">https:\/\/www.kkbb.org\/<\/a><\/p>\n<p>KKTC BAYRAK RADYO TELEV\u0130ZYON KURUMU<br \/>\n<a title=\"KKTC BAYRAK RADYO TELEV\u0130ZYON KURUMU\" href=\"https:\/\/www.brt.gov.nc.tr\/\" target=\"_blank\" rel=\"noopener\">https:\/\/www.brt.gov.nc.tr\/<\/a><\/p>\n<p>T\u00dcRK AJANSI KIBRIS (TAK)<br \/>\n<a title=\"T\u00dcRK AJANSI KIBRIS (TAK)\" href=\"https:\/\/www.emu.edu.tr\/~tak\" target=\"_blank\" rel=\"noopener\">https:\/\/www.emu.edu.tr\/~tak<\/a><\/p>\n<p>KIBRIS T\u00dcRK T\u0130CARET ODASI<br \/>\n<a title=\"KIBRIS T\u00dcRK T\u0130CARET ODASI\" href=\"https:\/\/www.ktto.net\/\" target=\"_blank\" rel=\"noopener\">https:\/\/www.ktto.net\/<\/a><\/p>\n<p>KIBRIS T\u00dcRK HAVA YOLLARI<br \/>\n<a title=\"KIBRIS T\u00dcRK HAVA YOLLARI\" href=\"https:\/\/www.kthy.net\/\" target=\"_blank\" rel=\"noopener\">https:\/\/www.kthy.net\/<\/a><\/p>\n<p>KIBRIS T\u00dcRK SANAY\u0130 ODASI<br \/>\n<a title=\"KIBRIS T\u00dcRK SANAY\u0130 ODASI\" href=\"https:\/\/www.kksanayiodasi.org\/\" target=\"_blank\" rel=\"noopener\">https:\/\/www.kksanayiodasi.org\/<\/a><\/p>\n<p>KIBRIS T\u00dcRK TAB\u0130BLER B\u0130RL\u0130\u011e\u0130<br \/>\n<a title=\"KIBRIS T\u00dcRK TAB\u0130BLER B\u0130RL\u0130\u011e\u0130\" href=\"https:\/\/www.kttb.org\/\" target=\"_blank\" rel=\"noopener\">https:\/\/www.kttb.org\/<\/a><\/p>\n<p>KKTC S\u0130V\u0130L SAVUNMA TE\u015eK\u0130LATI<br \/>\n<a title=\"KKTC S\u0130V\u0130L SAVUNMA TE\u015eK\u0130LATI\" href=\"https:\/\/www.sivilsavunmakktc.com\/\" target=\"_blank\" rel=\"noopener\">https:\/\/www.sivilsavunmakktc.com\/<\/a><\/p>\n<\/div>\n","protected":false},"excerpt":{"rendered":"<p>&nbsp; &nbsp; KIBRIS T\u00dcRK DEVLET\u0130 \u00d6nemli Web Sayfalar\u0131 &nbsp; KKTC e-Devlet Portal\u0131 https:\/\/www.edevlet.eu\/ KKTC CUMHURBA\u015eKANLI\u011eI https:\/\/www.kktcb.org\/ KKTC CUMHUR\u0130YET MECL\u0130S\u0130 https:\/\/www.cm.gov.nc.tr\/KKTC \u00dcN\u0130VERS\u0130TELER\u0130DO\u011eU AKDEN\u0130Z \u00dcN\u0130VERS\u0130TES\u0130 https:\/\/www.emu.edu.tr\/YAKIN DO\u011eU \u00dcN\u0130VERS\u0130TES\u0130 https:\/\/www.neu.edu.tr\/LEFKE AVRUPA \u00dcN\u0130VERS\u0130TES\u0130 https:\/\/www.lefke.edu.tr\/G\u0130RNE AMER\u0130KAN \u00dcN\u0130VERS\u0130TES\u0130 https:\/\/www.gau.edu.tr\/ULUSLARARASI KIBRIS \u00dcN\u0130VERS\u0130TES\u0130 https:\/\/www.ciu.edu.tr\/&nbsp; ULUSLARARASI KURUMLAR AVRUPA PARLAMENTOSU https:\/\/www.europarl.eu.int\/ AVRUPA \u0130NSAN HAKLARI MAHKEMES\u0130 https:\/\/www.echr.coe.int\/ AVRUPA B\u0130RL\u0130\u011e\u0130 \u00c7ALI\u015eMALAR MERKEZ\u0130 (EUSA) https:\/\/www.eustudies.org\/ B\u0130RLE\u015eM\u0130\u015e M\u0130LLETLER https:\/\/www.un.org\/ [&hellip;]<\/p>\n","protected":false},"author":1,"featured_media":0,"parent":0,"menu_order":0,"comment_status":"closed","ping_status":"closed","template":"","meta":{"jetpack_post_was_ever_published":false,"footnotes":""},"class_list":["post-1050","page","type-page","status-publish","hentry"],"jetpack_sharing_enabled":true,"_links":{"self":[{"href":"https:\/\/kukat.biz\/tr\/wp-json\/wp\/v2\/pages\/1050","targetHints":{"allow":["GET"]}}],"collection":[{"href":"https:\/\/kukat.biz\/tr\/wp-json\/wp\/v2\/pages"}],"about":[{"href":"https:\/\/kukat.biz\/tr\/wp-json\/wp\/v2\/types\/page"}],"author":[{"embeddable":true,"href":"https:\/\/kukat.biz\/tr\/wp-json\/wp\/v2\/users\/1"}],"replies":[{"embeddable":true,"href":"https:\/\/kukat.biz\/tr\/wp-json\/wp\/v2\/comments?post=1050"}],"version-history":[{"count":0,"href":"https:\/\/kukat.biz\/tr\/wp-json\/wp\/v2\/pages\/1050\/revisions"}],"wp:attachment":[{"href":"https:\/\/kukat.biz\/tr\/wp-json\/wp\/v2\/media?parent=1050"}],"curies":[{"name":"wp","href":"https:\/\/api.w.org\/{rel}","templated":true}]}}