{"id":1906,"date":"2024-01-08T08:58:45","date_gmt":"2024-01-08T07:58:45","guid":{"rendered":"https:\/\/kukat.biz\/tr\/?page_id=1906"},"modified":"2025-05-05T10:42:58","modified_gmt":"2025-05-05T08:42:58","slug":"temsilciliklerimiz","status":"publish","type":"page","link":"https:\/\/kukat.biz\/tr\/temsilciliklerimiz","title":{"rendered":"Temsilciliklerimiz"},"content":{"rendered":"\t\t<div data-elementor-type=\"wp-page\" data-elementor-id=\"1906\" class=\"elementor elementor-1906\" data-elementor-settings=\"{&quot;ha_cmc_init_switcher&quot;:&quot;no&quot;}\" data-elementor-post-type=\"page\">\n\t\t\t\t<div class=\"elementor-element elementor-element-2a8d16c e-con-full e-flex e-con e-parent\" data-id=\"2a8d16c\" data-element_type=\"container\" data-e-type=\"container\" data-settings=\"{&quot;background_background&quot;:&quot;classic&quot;,&quot;_ha_eqh_enable&quot;:false}\">\n\t\t<div class=\"elementor-element elementor-element-ba306c3 e-flex e-con-boxed e-con e-child\" data-id=\"ba306c3\" data-element_type=\"container\" data-e-type=\"container\" data-settings=\"{&quot;_ha_eqh_enable&quot;:false}\">\n\t\t\t\t\t<div class=\"e-con-inner\">\n\t\t<div class=\"elementor-element elementor-element-5efa094 e-con-full e-flex e-con e-child\" data-id=\"5efa094\" data-element_type=\"container\" data-e-type=\"container\" data-settings=\"{&quot;_ha_eqh_enable&quot;:false}\">\n\t\t\t\t<div class=\"elementor-element elementor-element-464c0da elementor-widget elementor-widget-heading\" data-id=\"464c0da\" data-element_type=\"widget\" data-e-type=\"widget\" data-widget_type=\"heading.default\">\n\t\t\t\t<div class=\"elementor-widget-container\">\n\t\t\t\t\t<h2 class=\"elementor-heading-title elementor-size-default\">Temsilciliklerimiz<\/h2>\t\t\t\t<\/div>\n\t\t\t\t<\/div>\n\t\t\t\t<\/div>\n\t\t\t\t\t<\/div>\n\t\t\t\t<\/div>\n\t\t\t\t<\/div>\n\t\t<div class=\"elementor-element elementor-element-af28e24 e-flex e-con-boxed e-con e-parent\" data-id=\"af28e24\" data-element_type=\"container\" data-e-type=\"container\" data-settings=\"{&quot;_ha_eqh_enable&quot;:false}\">\n\t\t\t\t\t<div class=\"e-con-inner\">\n\t\t<div class=\"elementor-element elementor-element-0919b5b e-con-full e-flex e-con e-child\" data-id=\"0919b5b\" data-element_type=\"container\" data-e-type=\"container\" data-settings=\"{&quot;_ha_eqh_enable&quot;:false}\">\n\t\t\t\t<div class=\"elementor-element elementor-element-ee205d7 elementor-widget elementor-widget-heading\" data-id=\"ee205d7\" data-element_type=\"widget\" data-e-type=\"widget\" data-widget_type=\"heading.default\">\n\t\t\t\t<div class=\"elementor-widget-container\">\n\t\t\t\t\t<h3 class=\"elementor-heading-title elementor-size-default\">Temsilciliklerimiz<\/h3>\t\t\t\t<\/div>\n\t\t\t\t<\/div>\n\t\t\t\t<div class=\"elementor-element elementor-element-e7b4cba elementor-posts--align-left elementor-grid-3 elementor-grid-tablet-2 elementor-grid-mobile-1 elementor-posts--thumbnail-top elementor-widget elementor-widget-posts\" data-id=\"e7b4cba\" data-element_type=\"widget\" data-e-type=\"widget\" data-settings=\"{&quot;classic_row_gap&quot;:{&quot;unit&quot;:&quot;px&quot;,&quot;size&quot;:30,&quot;sizes&quot;:[]},&quot;classic_columns&quot;:&quot;3&quot;,&quot;classic_columns_tablet&quot;:&quot;2&quot;,&quot;classic_columns_mobile&quot;:&quot;1&quot;,&quot;classic_row_gap_tablet&quot;:{&quot;unit&quot;:&quot;px&quot;,&quot;size&quot;:&quot;&quot;,&quot;sizes&quot;:[]},&quot;classic_row_gap_mobile&quot;:{&quot;unit&quot;:&quot;px&quot;,&quot;size&quot;:&quot;&quot;,&quot;sizes&quot;:[]}}\" data-widget_type=\"posts.classic\">\n\t\t\t\t<div class=\"elementor-widget-container\">\n\t\t\t\t\t\t\t<div class=\"elementor-posts-container elementor-posts elementor-posts--skin-classic elementor-grid\">\n\t\t\t\t<article class=\"elementor-post elementor-grid-item post-1943 post type-post status-publish format-standard has-post-thumbnail hentry category-temsilcilik\">\n\t\t\t\t<a class=\"elementor-post__thumbnail__link\" href=\"https:\/\/kukat.biz\/tr\/temsilcilik\/bati-avrupa-temsilcilikleri.html\" tabindex=\"-1\" >\n\t\t\t<div class=\"elementor-post__thumbnail\"><img fetchpriority=\"high\" decoding=\"async\" data-attachment-id=\"1947\" data-permalink=\"https:\/\/kukat.biz\/tr\/temsilcilik\/bati-avrupa-temsilcilikleri.html\/attachment\/kukat_bati_avrupa_subesi\" data-orig-file=\"https:\/\/i0.wp.com\/kukat.biz\/tr\/wp-content\/uploads\/Kukat_Bati_Avrupa_Subesi.jpg?fit=660%2C492&amp;ssl=1\" data-orig-size=\"660,492\" data-comments-opened=\"1\" data-image-meta=\"{&quot;aperture&quot;:&quot;0&quot;,&quot;credit&quot;:&quot;&quot;,&quot;camera&quot;:&quot;&quot;,&quot;caption&quot;:&quot;&quot;,&quot;created_timestamp&quot;:&quot;0&quot;,&quot;copyright&quot;:&quot;&quot;,&quot;focal_length&quot;:&quot;0&quot;,&quot;iso&quot;:&quot;0&quot;,&quot;shutter_speed&quot;:&quot;0&quot;,&quot;title&quot;:&quot;&quot;,&quot;orientation&quot;:&quot;0&quot;}\" data-image-title=\"Kukat_Bati_Avrupa_Subesi\" data-image-description=\"\" data-image-caption=\"\" data-medium-file=\"https:\/\/i0.wp.com\/kukat.biz\/tr\/wp-content\/uploads\/Kukat_Bati_Avrupa_Subesi.jpg?fit=300%2C224&amp;ssl=1\" data-large-file=\"https:\/\/i0.wp.com\/kukat.biz\/tr\/wp-content\/uploads\/Kukat_Bati_Avrupa_Subesi.jpg?fit=660%2C492&amp;ssl=1\" width=\"660\" height=\"492\" src=\"https:\/\/i0.wp.com\/kukat.biz\/tr\/wp-content\/uploads\/Kukat_Bati_Avrupa_Subesi.jpg?fit=660%2C492&amp;ssl=1\" class=\"attachment-full size-full wp-image-1947\" alt=\"\" data-attachment-id=\"1947\" data-permalink=\"https:\/\/kukat.biz\/tr\/temsilcilik\/bati-avrupa-temsilcilikleri.html\/attachment\/kukat_bati_avrupa_subesi\" data-orig-file=\"https:\/\/i0.wp.com\/kukat.biz\/tr\/wp-content\/uploads\/Kukat_Bati_Avrupa_Subesi.jpg?fit=660%2C492&amp;ssl=1\" data-orig-size=\"660,492\" data-comments-opened=\"1\" data-image-meta=\"{&quot;aperture&quot;:&quot;0&quot;,&quot;credit&quot;:&quot;&quot;,&quot;camera&quot;:&quot;&quot;,&quot;caption&quot;:&quot;&quot;,&quot;created_timestamp&quot;:&quot;0&quot;,&quot;copyright&quot;:&quot;&quot;,&quot;focal_length&quot;:&quot;0&quot;,&quot;iso&quot;:&quot;0&quot;,&quot;shutter_speed&quot;:&quot;0&quot;,&quot;title&quot;:&quot;&quot;,&quot;orientation&quot;:&quot;0&quot;}\" data-image-title=\"Kukat_Bati_Avrupa_Subesi\" data-image-description=\"\" data-image-caption=\"\" data-medium-file=\"https:\/\/i0.wp.com\/kukat.biz\/tr\/wp-content\/uploads\/Kukat_Bati_Avrupa_Subesi.jpg?fit=300%2C224&amp;ssl=1\" data-large-file=\"https:\/\/i0.wp.com\/kukat.biz\/tr\/wp-content\/uploads\/Kukat_Bati_Avrupa_Subesi.jpg?fit=660%2C492&amp;ssl=1\" srcset=\"https:\/\/i0.wp.com\/kukat.biz\/tr\/wp-content\/uploads\/Kukat_Bati_Avrupa_Subesi.jpg?w=660&amp;ssl=1 660w, https:\/\/i0.wp.com\/kukat.biz\/tr\/wp-content\/uploads\/Kukat_Bati_Avrupa_Subesi.jpg?resize=300%2C224&amp;ssl=1 300w\" sizes=\"(max-width: 660px) 100vw, 660px\" \/><\/div>\n\t\t<\/a>\n\t\t\t\t<div class=\"elementor-post__text\">\n\t\t\t\t<h3 class=\"elementor-post__title\">\n\t\t\t<a href=\"https:\/\/kukat.biz\/tr\/temsilcilik\/bati-avrupa-temsilcilikleri.html\" >\n\t\t\t\tBat\u0131 Avrupa Temsilcilikleri\t\t\t<\/a>\n\t\t<\/h3>\n\t\t\t\t<div class=\"elementor-post__meta-data\">\n\t\t\t\t\t<span class=\"elementor-post-avatar\">\n\t\t\tYorum yap\u0131lmam\u0131\u015f\t\t<\/span>\n\t\t\t\t<\/div>\n\t\t\t\t<div class=\"elementor-post__excerpt\">\n\t\t\t<p>\u00a0 \u00a0 Y\u0131llard\u0131r ya\u015fad\u0131\u011f\u0131m\u0131z b\u00f6lgelerdeki haketti\u011fimiz de\u011ferlere ula\u015famam\u0131z\u0131n sebebinin sosyal kat\u0131l\u0131m alanlar\u0131ndaki organizesizli\u011fimizden kaynakland\u0131\u011f\u0131n\u0131 hep beraber g\u00f6rmekteyiz. Bu durumu<\/p>\n\t\t<\/div>\n\t\t\n\t\t<a class=\"elementor-post__read-more\" href=\"https:\/\/kukat.biz\/tr\/temsilcilik\/bati-avrupa-temsilcilikleri.html\" aria-label=\"Read more about Bat\u0131 Avrupa Temsilcilikleri\" tabindex=\"-1\" >\n\t\t\tDevam et \u00bb\t\t<\/a>\n\n\t\t\t\t<\/div>\n\t\t\t\t<\/article>\n\t\t\t\t<article class=\"elementor-post elementor-grid-item post-1935 post type-post status-publish format-standard has-post-thumbnail hentry category-temsilcilik\">\n\t\t\t\t<a class=\"elementor-post__thumbnail__link\" href=\"https:\/\/kukat.biz\/tr\/temsilcilik\/kukat-turkiye-temsilciligi.html\" tabindex=\"-1\" >\n\t\t\t<div class=\"elementor-post__thumbnail\"><img decoding=\"async\" data-attachment-id=\"1936\" data-permalink=\"https:\/\/kukat.biz\/tr\/temsilcilik\/kukat-turkiye-temsilciligi.html\/attachment\/kukat_turkiye_subesi\" data-orig-file=\"https:\/\/i0.wp.com\/kukat.biz\/tr\/wp-content\/uploads\/Kukat_Turkiye_Subesi.jpg?fit=208%2C148&amp;ssl=1\" data-orig-size=\"208,148\" data-comments-opened=\"1\" data-image-meta=\"{&quot;aperture&quot;:&quot;0&quot;,&quot;credit&quot;:&quot;&quot;,&quot;camera&quot;:&quot;&quot;,&quot;caption&quot;:&quot;&quot;,&quot;created_timestamp&quot;:&quot;0&quot;,&quot;copyright&quot;:&quot;&quot;,&quot;focal_length&quot;:&quot;0&quot;,&quot;iso&quot;:&quot;0&quot;,&quot;shutter_speed&quot;:&quot;0&quot;,&quot;title&quot;:&quot;&quot;,&quot;orientation&quot;:&quot;0&quot;}\" data-image-title=\"Kukat_Turkiye_Subesi\" data-image-description=\"\" data-image-caption=\"\" data-medium-file=\"https:\/\/i0.wp.com\/kukat.biz\/tr\/wp-content\/uploads\/Kukat_Turkiye_Subesi.jpg?fit=208%2C148&amp;ssl=1\" data-large-file=\"https:\/\/i0.wp.com\/kukat.biz\/tr\/wp-content\/uploads\/Kukat_Turkiye_Subesi.jpg?fit=208%2C148&amp;ssl=1\" width=\"208\" height=\"148\" src=\"https:\/\/i0.wp.com\/kukat.biz\/tr\/wp-content\/uploads\/Kukat_Turkiye_Subesi.jpg?fit=208%2C148&amp;ssl=1\" class=\"attachment-full size-full wp-image-1936\" alt=\"\" data-attachment-id=\"1936\" data-permalink=\"https:\/\/kukat.biz\/tr\/temsilcilik\/kukat-turkiye-temsilciligi.html\/attachment\/kukat_turkiye_subesi\" data-orig-file=\"https:\/\/i0.wp.com\/kukat.biz\/tr\/wp-content\/uploads\/Kukat_Turkiye_Subesi.jpg?fit=208%2C148&amp;ssl=1\" data-orig-size=\"208,148\" data-comments-opened=\"1\" data-image-meta=\"{&quot;aperture&quot;:&quot;0&quot;,&quot;credit&quot;:&quot;&quot;,&quot;camera&quot;:&quot;&quot;,&quot;caption&quot;:&quot;&quot;,&quot;created_timestamp&quot;:&quot;0&quot;,&quot;copyright&quot;:&quot;&quot;,&quot;focal_length&quot;:&quot;0&quot;,&quot;iso&quot;:&quot;0&quot;,&quot;shutter_speed&quot;:&quot;0&quot;,&quot;title&quot;:&quot;&quot;,&quot;orientation&quot;:&quot;0&quot;}\" data-image-title=\"Kukat_Turkiye_Subesi\" data-image-description=\"\" data-image-caption=\"\" data-medium-file=\"https:\/\/i0.wp.com\/kukat.biz\/tr\/wp-content\/uploads\/Kukat_Turkiye_Subesi.jpg?fit=208%2C148&amp;ssl=1\" data-large-file=\"https:\/\/i0.wp.com\/kukat.biz\/tr\/wp-content\/uploads\/Kukat_Turkiye_Subesi.jpg?fit=208%2C148&amp;ssl=1\" \/><\/div>\n\t\t<\/a>\n\t\t\t\t<div class=\"elementor-post__text\">\n\t\t\t\t<h3 class=\"elementor-post__title\">\n\t\t\t<a href=\"https:\/\/kukat.biz\/tr\/temsilcilik\/kukat-turkiye-temsilciligi.html\" >\n\t\t\t\tKUKAT T\u00fcrkiye Temsilcili\u011fi\t\t\t<\/a>\n\t\t<\/h3>\n\t\t\t\t<div class=\"elementor-post__meta-data\">\n\t\t\t\t\t<span class=\"elementor-post-avatar\">\n\t\t\tYorum yap\u0131lmam\u0131\u015f\t\t<\/span>\n\t\t\t\t<\/div>\n\t\t\t\t<div class=\"elementor-post__excerpt\">\n\t\t\t<p>\u201cToprak, u\u011frunda \u00f6len varsa vatand\u0131r\u201d anlay\u0131\u015f\u0131ndan hareket edecek olursak; KKTC vatan topra\u011f\u0131, ge\u00e7mi\u015f zamanlarda babalar\u0131m\u0131z, dedelerimiz o topraklarda \u015fehit<\/p>\n\t\t<\/div>\n\t\t\n\t\t<a class=\"elementor-post__read-more\" href=\"https:\/\/kukat.biz\/tr\/temsilcilik\/kukat-turkiye-temsilciligi.html\" aria-label=\"Read more about KUKAT T\u00fcrkiye Temsilcili\u011fi\" tabindex=\"-1\" >\n\t\t\tDevam et \u00bb\t\t<\/a>\n\n\t\t\t\t<\/div>\n\t\t\t\t<\/article>\n\t\t\t\t<article class=\"elementor-post elementor-grid-item post-1912 post type-post status-publish format-standard has-post-thumbnail hentry category-temsilcilik\">\n\t\t\t\t<a class=\"elementor-post__thumbnail__link\" href=\"https:\/\/kukat.biz\/tr\/temsilcilik\/kukat-kuzey-kibris-temsilciligi.html\" tabindex=\"-1\" >\n\t\t\t<div class=\"elementor-post__thumbnail\"><img decoding=\"async\" data-attachment-id=\"1917\" data-permalink=\"https:\/\/kukat.biz\/tr\/temsilcilik\/kukat-kuzey-kibris-temsilciligi.html\/attachment\/kktc\" data-orig-file=\"https:\/\/i0.wp.com\/kukat.biz\/tr\/wp-content\/uploads\/kktc.jpg?fit=641%2C356&amp;ssl=1\" data-orig-size=\"641,356\" data-comments-opened=\"1\" data-image-meta=\"{&quot;aperture&quot;:&quot;0&quot;,&quot;credit&quot;:&quot;&quot;,&quot;camera&quot;:&quot;&quot;,&quot;caption&quot;:&quot;&quot;,&quot;created_timestamp&quot;:&quot;0&quot;,&quot;copyright&quot;:&quot;&quot;,&quot;focal_length&quot;:&quot;0&quot;,&quot;iso&quot;:&quot;0&quot;,&quot;shutter_speed&quot;:&quot;0&quot;,&quot;title&quot;:&quot;&quot;,&quot;orientation&quot;:&quot;0&quot;}\" data-image-title=\"kktc\" data-image-description=\"\" data-image-caption=\"\" data-medium-file=\"https:\/\/i0.wp.com\/kukat.biz\/tr\/wp-content\/uploads\/kktc.jpg?fit=300%2C167&amp;ssl=1\" data-large-file=\"https:\/\/i0.wp.com\/kukat.biz\/tr\/wp-content\/uploads\/kktc.jpg?fit=641%2C356&amp;ssl=1\" width=\"641\" height=\"356\" src=\"https:\/\/i0.wp.com\/kukat.biz\/tr\/wp-content\/uploads\/kktc.jpg?fit=641%2C356&amp;ssl=1\" class=\"attachment-full size-full wp-image-1917\" alt=\"\" data-attachment-id=\"1917\" data-permalink=\"https:\/\/kukat.biz\/tr\/temsilcilik\/kukat-kuzey-kibris-temsilciligi.html\/attachment\/kktc\" data-orig-file=\"https:\/\/i0.wp.com\/kukat.biz\/tr\/wp-content\/uploads\/kktc.jpg?fit=641%2C356&amp;ssl=1\" data-orig-size=\"641,356\" data-comments-opened=\"1\" data-image-meta=\"{&quot;aperture&quot;:&quot;0&quot;,&quot;credit&quot;:&quot;&quot;,&quot;camera&quot;:&quot;&quot;,&quot;caption&quot;:&quot;&quot;,&quot;created_timestamp&quot;:&quot;0&quot;,&quot;copyright&quot;:&quot;&quot;,&quot;focal_length&quot;:&quot;0&quot;,&quot;iso&quot;:&quot;0&quot;,&quot;shutter_speed&quot;:&quot;0&quot;,&quot;title&quot;:&quot;&quot;,&quot;orientation&quot;:&quot;0&quot;}\" data-image-title=\"kktc\" data-image-description=\"\" data-image-caption=\"\" data-medium-file=\"https:\/\/i0.wp.com\/kukat.biz\/tr\/wp-content\/uploads\/kktc.jpg?fit=300%2C167&amp;ssl=1\" data-large-file=\"https:\/\/i0.wp.com\/kukat.biz\/tr\/wp-content\/uploads\/kktc.jpg?fit=641%2C356&amp;ssl=1\" srcset=\"https:\/\/i0.wp.com\/kukat.biz\/tr\/wp-content\/uploads\/kktc.jpg?w=641&amp;ssl=1 641w, https:\/\/i0.wp.com\/kukat.biz\/tr\/wp-content\/uploads\/kktc.jpg?resize=300%2C167&amp;ssl=1 300w\" sizes=\"(max-width: 641px) 100vw, 641px\" \/><\/div>\n\t\t<\/a>\n\t\t\t\t<div class=\"elementor-post__text\">\n\t\t\t\t<h3 class=\"elementor-post__title\">\n\t\t\t<a href=\"https:\/\/kukat.biz\/tr\/temsilcilik\/kukat-kuzey-kibris-temsilciligi.html\" >\n\t\t\t\tKUKAT Kuzey K\u0131br\u0131s Temsilcili\u011fi\t\t\t<\/a>\n\t\t<\/h3>\n\t\t\t\t<div class=\"elementor-post__meta-data\">\n\t\t\t\t\t<span class=\"elementor-post-avatar\">\n\t\t\tYorum yap\u0131lmam\u0131\u015f\t\t<\/span>\n\t\t\t\t<\/div>\n\t\t\t\t<div class=\"elementor-post__excerpt\">\n\t\t\t<p>KKTC\u00a0D\u00fcnya platformunda hak etti\u011fi yeri alam\u0131yorsa, verdi\u011fimiz m\u00fccadeleyi tekrar g\u00f6zden ge\u00e7irip eksik ve yanl\u0131\u015flar\u0131m\u0131z\u0131 tesbit ederek yeni rotam\u0131z\u0131 belirlememiz<\/p>\n\t\t<\/div>\n\t\t\n\t\t<a class=\"elementor-post__read-more\" href=\"https:\/\/kukat.biz\/tr\/temsilcilik\/kukat-kuzey-kibris-temsilciligi.html\" aria-label=\"Read more about KUKAT Kuzey K\u0131br\u0131s Temsilcili\u011fi\" tabindex=\"-1\" >\n\t\t\tDevam et \u00bb\t\t<\/a>\n\n\t\t\t\t<\/div>\n\t\t\t\t<\/article>\n\t\t\t\t<\/div>\n\t\t\n\t\t\t\t\t\t<\/div>\n\t\t\t\t<\/div>\n\t\t\t\t<\/div>\n\t\t\t\t\t<\/div>\n\t\t\t\t<\/div>\n\t\t<div class=\"elementor-element elementor-element-09750bd e-con-full e-flex e-con e-parent\" data-id=\"09750bd\" data-element_type=\"container\" data-e-type=\"container\" data-settings=\"{&quot;background_background&quot;:&quot;classic&quot;,&quot;_ha_eqh_enable&quot;:false}\">\n\t\t<div class=\"elementor-element elementor-element-550c504 e-flex e-con-boxed e-con e-child\" data-id=\"550c504\" data-element_type=\"container\" data-e-type=\"container\" data-settings=\"{&quot;_ha_eqh_enable&quot;:false}\">\n\t\t\t\t\t<div class=\"e-con-inner\">\n\t\t<div class=\"elementor-element elementor-element-3b0479a e-con-full e-flex e-con e-child\" data-id=\"3b0479a\" data-element_type=\"container\" data-e-type=\"container\" data-settings=\"{&quot;_ha_eqh_enable&quot;:false}\">\n\t\t<div class=\"elementor-element elementor-element-169c3f2 e-con-full e-flex e-con e-child\" data-id=\"169c3f2\" data-element_type=\"container\" data-e-type=\"container\" data-settings=\"{&quot;_ha_eqh_enable&quot;:false}\">\n\t\t<div class=\"elementor-element elementor-element-3716765 e-con-full e-flex e-con e-child\" data-id=\"3716765\" data-element_type=\"container\" data-e-type=\"container\" data-settings=\"{&quot;_ha_eqh_enable&quot;:false}\">\n\t\t<div class=\"elementor-element elementor-element-f332efa e-con-full e-flex e-con e-child\" data-id=\"f332efa\" data-element_type=\"container\" data-e-type=\"container\" data-settings=\"{&quot;_ha_eqh_enable&quot;:false}\">\n\t\t\t\t<div class=\"elementor-element elementor-element-3156ebe elementor-view-stacked elementor-shape-circle elementor-widget elementor-widget-icon\" data-id=\"3156ebe\" data-element_type=\"widget\" data-e-type=\"widget\" data-widget_type=\"icon.default\">\n\t\t\t\t<div class=\"elementor-widget-container\">\n\t\t\t\t\t\t\t<div class=\"elementor-icon-wrapper\">\n\t\t\t<div class=\"elementor-icon\">\n\t\t\t<i aria-hidden=\"true\" class=\" icon_check_alt2\"><\/i>\t\t\t<\/div>\n\t\t<\/div>\n\t\t\t\t\t\t<\/div>\n\t\t\t\t<\/div>\n\t\t\t\t<div class=\"elementor-element elementor-element-e964825 elementor-widget elementor-widget-counter\" data-id=\"e964825\" data-element_type=\"widget\" data-e-type=\"widget\" data-widget_type=\"counter.default\">\n\t\t\t\t<div class=\"elementor-widget-container\">\n\t\t\t\t\t\t\t<div class=\"elementor-counter\">\n\t\t\t<div class=\"elementor-counter-title\">Kukat Projeler<\/div>\t\t\t<div class=\"elementor-counter-number-wrapper\">\n\t\t\t\t<span class=\"elementor-counter-number-prefix\"><\/span>\n\t\t\t\t<span class=\"elementor-counter-number\" data-duration=\"2000\" data-to-value=\"77\" data-from-value=\"0\" data-delimiter=\" \">0<\/span>\n\t\t\t\t<span class=\"elementor-counter-number-suffix\">+<\/span>\n\t\t\t<\/div>\n\t\t<\/div>\n\t\t\t\t\t\t<\/div>\n\t\t\t\t<\/div>\n\t\t\t\t<\/div>\n\t\t<div class=\"elementor-element elementor-element-4ed9852 e-con-full e-flex e-con e-child\" data-id=\"4ed9852\" data-element_type=\"container\" data-e-type=\"container\" data-settings=\"{&quot;_ha_eqh_enable&quot;:false}\">\n\t\t\t\t<div class=\"elementor-element elementor-element-bd96ae3 elementor-view-stacked elementor-shape-circle elementor-widget elementor-widget-icon\" data-id=\"bd96ae3\" data-element_type=\"widget\" data-e-type=\"widget\" data-widget_type=\"icon.default\">\n\t\t\t\t<div class=\"elementor-widget-container\">\n\t\t\t\t\t\t\t<div class=\"elementor-icon-wrapper\">\n\t\t\t<div class=\"elementor-icon\">\n\t\t\t<i aria-hidden=\"true\" class=\"lnr lnr-users\"><\/i>\t\t\t<\/div>\n\t\t<\/div>\n\t\t\t\t\t\t<\/div>\n\t\t\t\t<\/div>\n\t\t\t\t<div class=\"elementor-element elementor-element-6954d93 elementor-widget elementor-widget-counter\" data-id=\"6954d93\" data-element_type=\"widget\" data-e-type=\"widget\" data-widget_type=\"counter.default\">\n\t\t\t\t<div class=\"elementor-widget-container\">\n\t\t\t\t\t\t\t<div class=\"elementor-counter\">\n\t\t\t<div class=\"elementor-counter-title\">Kukat \u00dcyesi<\/div>\t\t\t<div class=\"elementor-counter-number-wrapper\">\n\t\t\t\t<span class=\"elementor-counter-number-prefix\"><\/span>\n\t\t\t\t<span class=\"elementor-counter-number\" data-duration=\"2000\" data-to-value=\"44\" data-from-value=\"0\" data-delimiter=\" \">0<\/span>\n\t\t\t\t<span class=\"elementor-counter-number-suffix\">+<\/span>\n\t\t\t<\/div>\n\t\t<\/div>\n\t\t\t\t\t\t<\/div>\n\t\t\t\t<\/div>\n\t\t\t\t<\/div>\n\t\t<div class=\"elementor-element elementor-element-0e82e9b e-con-full e-flex e-con e-child\" data-id=\"0e82e9b\" data-element_type=\"container\" data-e-type=\"container\" data-settings=\"{&quot;_ha_eqh_enable&quot;:false}\">\n\t\t\t\t<div class=\"elementor-element elementor-element-ff0b3b3 elementor-view-stacked elementor-shape-circle elementor-widget elementor-widget-icon\" data-id=\"ff0b3b3\" data-element_type=\"widget\" data-e-type=\"widget\" data-widget_type=\"icon.default\">\n\t\t\t\t<div class=\"elementor-widget-container\">\n\t\t\t\t\t\t\t<div class=\"elementor-icon-wrapper\">\n\t\t\t<div class=\"elementor-icon\">\n\t\t\t<i aria-hidden=\"true\" class=\" ti-star\"><\/i>\t\t\t<\/div>\n\t\t<\/div>\n\t\t\t\t\t\t<\/div>\n\t\t\t\t<\/div>\n\t\t\t\t<div class=\"elementor-element elementor-element-f3029e0 elementor-widget elementor-widget-counter\" data-id=\"f3029e0\" data-element_type=\"widget\" data-e-type=\"widget\" data-widget_type=\"counter.default\">\n\t\t\t\t<div class=\"elementor-widget-container\">\n\t\t\t\t\t\t\t<div class=\"elementor-counter\">\n\t\t\t<div class=\"elementor-counter-title\">\u00d6d\u00fcller<\/div>\t\t\t<div class=\"elementor-counter-number-wrapper\">\n\t\t\t\t<span class=\"elementor-counter-number-prefix\"><\/span>\n\t\t\t\t<span class=\"elementor-counter-number\" data-duration=\"2000\" data-to-value=\"14\" data-from-value=\"0\" data-delimiter=\" \">0<\/span>\n\t\t\t\t<span class=\"elementor-counter-number-suffix\">+<\/span>\n\t\t\t<\/div>\n\t\t<\/div>\n\t\t\t\t\t\t<\/div>\n\t\t\t\t<\/div>\n\t\t\t\t<\/div>\n\t\t\t\t<\/div>\n\t\t\t\t<\/div>\n\t\t<div class=\"elementor-element elementor-element-eceabfc e-con-full e-flex e-con e-child\" data-id=\"eceabfc\" data-element_type=\"container\" data-e-type=\"container\" data-settings=\"{&quot;_ha_eqh_enable&quot;:false}\">\n\t\t\t\t<div class=\"elementor-element elementor-element-c29553b elementor-widget elementor-widget-heading\" data-id=\"c29553b\" data-element_type=\"widget\" data-e-type=\"widget\" data-widget_type=\"heading.default\">\n\t\t\t\t<div class=\"elementor-widget-container\">\n\t\t\t\t\t<h2 class=\"elementor-heading-title elementor-size-default\">Baz\u0131 \u0130statistikler<\/h2>\t\t\t\t<\/div>\n\t\t\t\t<\/div>\n\t\t\t\t<div class=\"elementor-element elementor-element-9d59ed6 elementor-widget elementor-widget-heading\" data-id=\"9d59ed6\" data-element_type=\"widget\" data-e-type=\"widget\" data-widget_type=\"heading.default\">\n\t\t\t\t<div class=\"elementor-widget-container\">\n\t\t\t\t\t<h3 class=\"elementor-heading-title elementor-size-default\">\"Ba\u015far\u0131larla B\u00fcy\u00fcyen KUKAT\"\n\n<\/h3>\t\t\t\t<\/div>\n\t\t\t\t<\/div>\n\t\t\t\t<div class=\"elementor-element elementor-element-63ef807 elementor-widget elementor-widget-text-editor\" data-id=\"63ef807\" data-element_type=\"widget\" data-e-type=\"widget\" data-widget_type=\"text-editor.default\">\n\t\t\t\t<div class=\"elementor-widget-container\">\n\t\t\t\t\t\t\t\t\t<p>Tamamlanan projeler, artan \u00fcye say\u0131s\u0131 ve kazan\u0131lan \u00f6d\u00fcllerle, KUKAT toplumsal etkisini s\u00fcrekli olarak geni\u015fletiyor ve g\u00fc\u00e7lendiriyor.<\/p>\t\t\t\t\t\t\t\t<\/div>\n\t\t\t\t<\/div>\n\t\t\t\t<\/div>\n\t\t\t\t<\/div>\n\t\t\t\t\t<\/div>\n\t\t\t\t<\/div>\n\t\t\t\t<\/div>\n\t\t\t\t<\/div>\n\t\t","protected":false},"excerpt":{"rendered":"<p>Temsilciliklerimiz Temsilciliklerimiz Kukat Projeler 0 + Kukat \u00dcyesi 0 + \u00d6d\u00fcller 0 + Baz\u0131 \u0130statistikler &#8220;Ba\u015far\u0131larla B\u00fcy\u00fcyen KUKAT&#8221; Tamamlanan projeler, artan \u00fcye say\u0131s\u0131 ve kazan\u0131lan \u00f6d\u00fcllerle, KUKAT toplumsal etkisini s\u00fcrekli olarak geni\u015fletiyor ve g\u00fc\u00e7lendiriyor.<\/p>\n","protected":false},"author":1,"featured_media":0,"parent":0,"menu_order":0,"comment_status":"closed","ping_status":"closed","template":"","meta":{"jetpack_post_was_ever_published":false,"footnotes":""},"class_list":["post-1906","page","type-page","status-publish","hentry"],"jetpack_sharing_enabled":true,"_links":{"self":[{"href":"https:\/\/kukat.biz\/tr\/wp-json\/wp\/v2\/pages\/1906","targetHints":{"allow":["GET"]}}],"collection":[{"href":"https:\/\/kukat.biz\/tr\/wp-json\/wp\/v2\/pages"}],"about":[{"href":"https:\/\/kukat.biz\/tr\/wp-json\/wp\/v2\/types\/page"}],"author":[{"embeddable":true,"href":"https:\/\/kukat.biz\/tr\/wp-json\/wp\/v2\/users\/1"}],"replies":[{"embeddable":true,"href":"https:\/\/kukat.biz\/tr\/wp-json\/wp\/v2\/comments?post=1906"}],"version-history":[{"count":3,"href":"https:\/\/kukat.biz\/tr\/wp-json\/wp\/v2\/pages\/1906\/revisions"}],"predecessor-version":[{"id":2303,"href":"https:\/\/kukat.biz\/tr\/wp-json\/wp\/v2\/pages\/1906\/revisions\/2303"}],"wp:attachment":[{"href":"https:\/\/kukat.biz\/tr\/wp-json\/wp\/v2\/media?parent=1906"}],"curies":[{"name":"wp","href":"https:\/\/api.w.org\/{rel}","templated":true}]}}