{"id":790,"date":"2012-05-01T00:39:10","date_gmt":"2012-04-30T22:39:10","guid":{"rendered":"https:\/\/kukat.biz\/tr\/?page_id=790"},"modified":"2012-05-01T00:39:10","modified_gmt":"2012-04-30T22:39:10","slug":"soforler-birligi","status":"publish","type":"page","link":"https:\/\/kukat.biz\/tr\/soforler-birligi","title":{"rendered":"\u015eof\u00f6rler Birli\u011fi"},"content":{"rendered":"<p style=\"text-align: center;\"><img data-recalc-dims=\"1\" decoding=\"async\" class=\"aligncenter\" src=\"https:\/\/i0.wp.com\/fbcdn-sphotos-g-a.akamaihd.net\/hphotos-ak-ash3\/540059_349900838405051_1212966458_n.jpg?resize=625%2C70&#038;ssl=1\" alt=\"Kukat \u015eof\u00f6rler Birli\u011fi\" width=\"625\" height=\"70\" \/> <span class=\"pullquote-left\">\u015eof\u00f6rler Birli\u011fi olarak b\u00fcy\u00fck bir lobi olu\u015fturma hedefimize ula\u015fabilmemiz i\u00e7in, ihtiya\u00e7 olan insan g\u00fcc\u00fcm\u00fcz\u00fc birlikteli\u011fimizden alaca\u011f\u0131z.<\/span><\/p>\n<p class=\"dropcap \">Sosyal ve ekonomik y\u00f6nden geli\u015fmeleri i\u00e7in \u00e7e\u015fitli \u00e7al\u0131\u015fmalar yapmakta ve e\u011fitim hizmetleri ger\u00e7ekle\u015ftirmektedir. Kooperatifler yoluyla i\u015f ve eme\u011fin de\u011ferlendirilmesini sa\u011flamak gibi, \u00f6nemli faaliyetlerin i\u00e7indedir. Ayr\u0131ca, toplumumuz fertlerinin trafik konusunda e\u011fitilmelerini ve trafik g\u00fcvenli\u011finin sa\u011flanmas\u0131 amac\u0131yla \u00e7e\u015fitli etkinlikler ger\u00e7ekle\u015ftirmektedir.<\/p>\n<p>     Birli\u011fimiz, ifa edilen hizmetin iyile\u015ftirilmesi ve geli\u015ftirilmesi, trafik kazalar\u0131n\u0131n azalt\u0131lmas\u0131 \u015fof\u00f6r esnaf\u0131n\u0131n sorunlar\u0131n\u0131n \u00e7\u00f6z\u00fcm\u00fc, gerekli mevzuat de\u011fi\u015fiklik ve d\u00fczenlemelerin yap\u0131lmas\u0131n\u0131 sa\u011flamak amac\u0131yla, ba\u015fta \u0130\u00e7i\u015fleri Bakanl\u0131\u011f\u0131 olmak \u00fczere; Maliye, Milli E\u011fitim, Bay\u0131nd\u0131rl\u0131k ve \u0130skan, Ula\u015ft\u0131rma, Sa\u011fl\u0131k, Sanayi ve Ticaret Bakanl\u0131klar\u0131 ve ilgili kurum ve Kurulu\u015flarla i\u015fbirli\u011fi i\u00e7inde faaliyetlerini s\u00fcrd\u00fcrmektedir.<\/p>\n<p><strong>Ba\u015fkan:<\/strong> Rag\u0131p LAP\u00c7IN<\/p>\n<p><strong>Ba\u015fkan Yard\u0131mc\u0131s\u0131:<\/strong> Nusret YILMAZ<\/p>\n<p><strong>Sekreter:<\/strong> Zekeriya YILMAZ<\/p>\n<p><strong>Muhasip:<\/strong> Abdullah \u00c7\u0130MEN<\/p>\n<p><strong>Denetleme:<\/strong> Y\u00fccel Aktay<br \/>\nAli Karata\u015f<br \/>\n\u0130brahim Zafer<\/p>\n<p><strong>GAYEM\u0130Z:<\/strong><br \/>\n1- G\u00fc\u00e7 birli\u011finin olu\u015fturulmas\u0131,<br \/>\n2- Bilgi payla\u015f\u0131m\u0131n\u0131n sa\u011flanmas\u0131,<br \/>\n3- Sosyal bilincin art\u0131r\u0131lmas\u0131,<br \/>\n4- Geli\u015fmelere g\u00f6re \u00e7ali\u015fma alan\u0131n\u0131n geni\u015fletilmesi.<\/p>\n","protected":false},"excerpt":{"rendered":"<p>\u015eof\u00f6rler Birli\u011fi olarak b\u00fcy\u00fck bir lobi olu\u015fturma hedefimize ula\u015fabilmemiz i\u00e7in, ihtiya\u00e7 olan insan g\u00fcc\u00fcm\u00fcz\u00fc birlikteli\u011fimizden alaca\u011f\u0131z. Sosyal ve ekonomik y\u00f6nden geli\u015fmeleri i\u00e7in \u00e7e\u015fitli \u00e7al\u0131\u015fmalar yapmakta ve e\u011fitim hizmetleri ger\u00e7ekle\u015ftirmektedir. Kooperatifler yoluyla i\u015f ve eme\u011fin de\u011ferlendirilmesini sa\u011flamak gibi, \u00f6nemli faaliyetlerin i\u00e7indedir. Ayr\u0131ca, toplumumuz fertlerinin trafik konusunda e\u011fitilmelerini ve trafik g\u00fcvenli\u011finin sa\u011flanmas\u0131 amac\u0131yla \u00e7e\u015fitli etkinlikler ger\u00e7ekle\u015ftirmektedir. Birli\u011fimiz, [&hellip;]<\/p>\n","protected":false},"author":1,"featured_media":0,"parent":0,"menu_order":0,"comment_status":"open","ping_status":"open","template":"","meta":{"jetpack_post_was_ever_published":false,"footnotes":""},"class_list":["post-790","page","type-page","status-publish","hentry"],"jetpack_sharing_enabled":true,"_links":{"self":[{"href":"https:\/\/kukat.biz\/tr\/wp-json\/wp\/v2\/pages\/790","targetHints":{"allow":["GET"]}}],"collection":[{"href":"https:\/\/kukat.biz\/tr\/wp-json\/wp\/v2\/pages"}],"about":[{"href":"https:\/\/kukat.biz\/tr\/wp-json\/wp\/v2\/types\/page"}],"author":[{"embeddable":true,"href":"https:\/\/kukat.biz\/tr\/wp-json\/wp\/v2\/users\/1"}],"replies":[{"embeddable":true,"href":"https:\/\/kukat.biz\/tr\/wp-json\/wp\/v2\/comments?post=790"}],"version-history":[{"count":0,"href":"https:\/\/kukat.biz\/tr\/wp-json\/wp\/v2\/pages\/790\/revisions"}],"wp:attachment":[{"href":"https:\/\/kukat.biz\/tr\/wp-json\/wp\/v2\/media?parent=790"}],"curies":[{"name":"wp","href":"https:\/\/api.w.org\/{rel}","templated":true}]}}